{"id":3250,"date":"2012-06-04T14:51:40","date_gmt":"2012-06-04T18:51:40","guid":{"rendered":"http:\/\/bmp.negliahosting.com\/?page_id=3250"},"modified":"2021-06-18T13:32:56","modified_gmt":"2021-06-18T17:32:56","slug":"aide","status":"publish","type":"page","link":"https:\/\/bmpbooks.com\/fr\/aide\/","title":{"rendered":"Aide"},"content":{"rendered":"\n<p>Toutes les publications disponibles sur ce site se trouvent \u00e0 la&nbsp;<a href=\"https:\/\/bmpbooks.com\/fr\/publications\/\">page des publications.<\/a><\/p>\n\n\n\n<p>Elles ont \u00e9galement \u00e9t\u00e9 group\u00e9es par <a href=\"https:\/\/bmpbooks.com\/fr\/probleme\/\">probl\u00e8me<\/a>,&nbsp;<a href=\"https:\/\/bmpbooks.com\/fr\/ressource\/\">ressource<\/a>,&nbsp;<a href=\"https:\/\/bmpbooks.com\/fr\/fonction\/\">fonction<\/a> et&nbsp;<a href=\"https:\/\/bmpbooks.com\/fr\/serie\/\">s\u00e9rie<\/a>&nbsp;pour vous aider \u00e0 trouver l\u2019information pertinente. Vous pouvez parcourir les publications sur l\u2019une ou l\u2019autre de ces pages. Faites d\u00e9filer les images des couvertures des publications en cliquant sur la fl\u00e8che situ\u00e9e \u00e0 l\u2019extr\u00eame droite des couvertures. Cliquez sur l\u2019une des couvertures pour aller \u00e0 la page de la publication.<\/p>\n\n\n\n<p>La fonction de recherche peut servir \u00e0 trouver des renseignements pr\u00e9cis \u00e0 l\u2019aide de mots-cl\u00e9s ou de groupes de mots.<\/p>\n\n\n\n<h3 class=\"wp-block-heading\">Navigation d\u2019une table des mati\u00e8res<\/h3>\n\n\n\n<p>Lorsque vous consultez une publication longue, cliquez sur le texte soulign\u00e9 pour choisir un chapitre dans la table des mati\u00e8res. Chaque chapitre est divis\u00e9 en sections, que vous pouvez t\u00e9l\u00e9charger en format PDF. Vous pouvez \u00e9galement t\u00e9l\u00e9charger la publication compl\u00e8te en format PDF.<\/p>\n\n\n\n<h3 class=\"wp-block-heading\">Navigation des publications<\/h3>\n\n\n\n<p>Lorsque vous arrivez \u00e0 la page d\u2019une publication, vous verrez plusieurs outils de navigation et plusieurs options de consultation.<\/p>\n\n\n\n<ul class=\"wp-block-list\"><li>Cliquez sur la vignette de la couverture du manuel.<\/li><li>Cliquez sur le titre du manuel ou de l\u2019un des chapitres.<\/li><li>Cliquez sur le menu d\u00e9roulant pour voir les chapitres disponibles du manuel.<\/li><li>Les r\u00e9sultats de recherche indiqueront le dernier mot que vous avez cherch\u00e9 et l\u2019endroit o\u00f9 il se trouve dans le chapitre du manuel.<\/li><li>T\u00e9l\u00e9charger en format PDF. Lorsque vous cliquez sur ce bouton, choisissez entre le t\u00e9l\u00e9chargement de la publication compl\u00e8te ou de ce chapitre-l\u00e0 seulement.<\/li><\/ul>\n\n\n\n<h3 class=\"wp-block-heading\">Recherche de manuels sur les PGO<\/h3>\n\n\n\n<p>Dans la zone de saisie pour la recherche, tapez un mot-cl\u00e9 ou un groupe de mots. Les r\u00e9sultats de recherche vont comprendre les titres des publications, les chapitres, les mots-cl\u00e9s ou les groupes de mots trouv\u00e9s dans une publication.<\/p>\n\n\n\n<h3 class=\"wp-block-heading\">Interpr\u00e9tation des r\u00e9sultats de recherche<\/h3>\n\n\n\n<p>\u00c0 la page des r\u00e9sultats de recherche, vous verrez une liste des r\u00e9sultats comprenant le titre de la publication, le chapitre ou le texte. Si vous cliquez sur un r\u00e9sultat de recherche, cela vous m\u00e8nera \u00e0 la page de la publication particuli\u00e8re o\u00f9 ce mot-cl\u00e9 ou ce groupe de mots appara\u00eet. Vous verrez aussi une liste des pages o\u00f9 ce mot-cl\u00e9 ou ce groupe de mots appara\u00eet.<\/p>\n","protected":false},"excerpt":{"rendered":"<p>Toutes les publications disponibles sur ce site se trouvent \u00e0 la&nbsp;page des publications. Elles ont \u00e9galement \u00e9t\u00e9 group\u00e9es par probl\u00e8me,&nbsp;ressource,&nbsp;fonction et&nbsp;s\u00e9rie&nbsp;pour vous aider \u00e0 trouver l\u2019information pertinente. Vous pouvez parcourir les publications sur l\u2019une ou l\u2019autre de ces pages. Faites d\u00e9filer les images des couvertures des publications en cliquant sur la fl\u00e8che situ\u00e9e \u00e0 l\u2019extr\u00eame [&hellip;]<\/p>\n","protected":false},"author":4,"featured_media":0,"parent":0,"menu_order":48,"comment_status":"open","ping_status":"open","template":"","meta":{"_acf_changed":false,"_relevanssi_hide_post":"","_relevanssi_hide_content":"","_relevanssi_pin_for_all":"","_relevanssi_pin_keywords":"","_relevanssi_unpin_keywords":"","_relevanssi_related_keywords":"","_relevanssi_related_include_ids":"","_relevanssi_related_exclude_ids":"","_relevanssi_related_no_append":"","_relevanssi_related_not_related":"","_relevanssi_related_posts":"","_relevanssi_noindex_reason":"","footnotes":""},"class_list":["post-3250","page","type-page","status-publish","hentry"],"acf":[],"_links":{"self":[{"href":"https:\/\/bmpbooks.com\/fr\/wp-json\/wp\/v2\/pages\/3250","targetHints":{"allow":["GET"]}}],"collection":[{"href":"https:\/\/bmpbooks.com\/fr\/wp-json\/wp\/v2\/pages"}],"about":[{"href":"https:\/\/bmpbooks.com\/fr\/wp-json\/wp\/v2\/types\/page"}],"author":[{"embeddable":true,"href":"https:\/\/bmpbooks.com\/fr\/wp-json\/wp\/v2\/users\/4"}],"replies":[{"embeddable":true,"href":"https:\/\/bmpbooks.com\/fr\/wp-json\/wp\/v2\/comments?post=3250"}],"version-history":[{"count":5,"href":"https:\/\/bmpbooks.com\/fr\/wp-json\/wp\/v2\/pages\/3250\/revisions"}],"predecessor-version":[{"id":6359,"href":"https:\/\/bmpbooks.com\/fr\/wp-json\/wp\/v2\/pages\/3250\/revisions\/6359"}],"wp:attachment":[{"href":"https:\/\/bmpbooks.com\/fr\/wp-json\/wp\/v2\/media?parent=3250"}],"curies":[{"name":"wp","href":"https:\/\/api.w.org\/{rel}","templated":true}]}}