{"id":3252,"date":"2012-06-04T14:51:30","date_gmt":"2012-06-04T18:51:30","guid":{"rendered":"http:\/\/bmp.negliahosting.com\/?page_id=3252"},"modified":"2021-06-17T10:36:06","modified_gmt":"2021-06-17T14:36:06","slug":"a-propos","status":"publish","type":"page","link":"https:\/\/bmpbooks.com\/fr\/a-propos\/","title":{"rendered":"AU SUJET DES PUBLICATIONS SUR LES PRATIQUES DE GESTION OPTIMALES"},"content":{"rendered":"\n<p class=\"has-text-align-center\"><em>Vos guides pratiques pour une agriculture et une vie rurale durables<\/em><\/p>\n\n\n\n<p>Bienvenue \u00e0 la biblioth\u00e8que virtuelle des manuels, des fascicules et des fiches d\u2019information sur les pratiques de gestion optimales.<\/p>\n\n\n\n<p>Cette s\u00e9rie prim\u00e9e sur les PGO a \u00e9t\u00e9 con\u00e7ue pour aider les agriculteurs et les propri\u00e9taires ruraux de l\u2019Ontario \u00e0 trouver les meilleures options quant \u00e0 la gestion du sol, de l\u2019eau et des zones naturelles de leurs propri\u00e9t\u00e9s.&nbsp;Si vous \u00eates \u00e9tudiant ou voulez tout simplement vous informer, vous trouverez ici beaucoup de renseignements.<\/p>\n\n\n\n<p>Ce site Web contient tous les titres des publications sur les PGO et a \u00e9t\u00e9 con\u00e7u pour vous aider \u00e0 trouver facilement l\u2019information que vous cherchez.&nbsp;<\/p>\n\n\n\n<p>Mais tout d\u2019abord, qu\u2019est-ce qu\u2019une pratique de gestion optimale, ou PGO? Il s\u2019agit d\u2019une m\u00e9thode pratique \u00e9prouv\u00e9e qui&nbsp;:<\/p>\n\n\n\n<ul class=\"wp-block-list\"><li>prot\u00e8ge et am\u00e9liore la qualit\u00e9 du sol et de l\u2019eau&nbsp;<\/li><li>augmente la productivit\u00e9 et l\u2019efficacit\u00e9<\/li><li>est \u00e9conomiquement viable<\/li><\/ul>\n\n\n\n<p>Les nombreux <a href=\"#avantages\" data-type=\"URL\">avantages<\/a> des PGO s\u2019\u00e9tendent au-del\u00e0 de la ferme et des limites de la propri\u00e9t\u00e9, aux collectivit\u00e9s locales, au secteur agricole, \u00e0 la soci\u00e9t\u00e9 en g\u00e9n\u00e9ral et aux futures g\u00e9n\u00e9rations.<\/p>\n\n\n\n<p>Les publications sur les PGO vont de fiches d\u2019information \u00e0 des manuels approfondis. Pour chaque sujet, vous d\u00e9couvrirez les causes du probl\u00e8me (p. ex. l\u2019\u00e9rosion des terres cultiv\u00e9es) et trouverez un \u00e9ventail d\u2019options quant aux PGO, o\u00f9 vous pourrez choisir les solutions qui conviennent \u00e0 votre propri\u00e9t\u00e9 et vos objectifs.&nbsp;<\/p>\n\n\n\n<p>Toutes les publications sur les PGO sont le fruit d\u2019un <a href=\"https:\/\/bmpbooks.com\/fr\/partenaires\/\">effort collectif <\/a>d\u2019organismes agricoles, d\u2019experts en la mati\u00e8re, de personnel consultatif des gouvernements et de professionnels de l\u2019industrie. Nous les remercions pour leur travail acharn\u00e9.<\/p>\n\n\n\n<p>Pour apprendre comment utiliser ce site,&nbsp;<a href=\"https:\/\/bmpbooks.com\/fr\/aide\/\">cliquez ici<\/a>.<\/p>\n\n\n\n<p>Pour voir la liste de toutes les publications,&nbsp;<a href=\"https:\/\/bmpbooks.com\/fr\/publications\/\">cliquez ici<\/a>.<\/p>\n\n\n\n<p>Pour commander votre exemplaire,&nbsp;<a href=\"https:\/\/bmpbooks.com\/fr\/pour-commander\/\">cliquez ici<\/a>.<\/p>\n\n\n\n<p><em>Avis de non-responsabilit\u00e9&nbsp;: Le contenu des publications sur les PGO \u00e9tait v\u00e9ridique et exact \u00e0 la date de publication. Le contenu n\u2019a pas \u00e9t\u00e9 mis \u00e0 jour apr\u00e8s sa publication pour tenir compte des modifications aux r\u00e8glements ou d\u2019autres changements. Les lecteurs sont invit\u00e9s \u00e0 consulter des conseillers professionnels au besoin sur certains sujets pr\u00e9cis avant de prendre des d\u00e9cisions.&nbsp;&nbsp;<\/em><\/p>\n\n\n\n<div style=\"height:50px\" aria-hidden=\"true\" class=\"wp-block-spacer\"><\/div>\n\n\n\n<h2 class=\"wp-block-heading\" id=\"avantages\">LES PGO, UN AVANTAGE POUR TOUS<\/h2>\n\n\n\n<p><strong>Pour les agriculteurs<\/strong><\/p>\n\n\n\n<p>Les agriculteurs se servent des PGO pour favoriser la fertilit\u00e9 et la sant\u00e9 du sol des terres cultiv\u00e9es, minimiser les intrants co\u00fbteux, g\u00e9rer l\u2019humidit\u00e9 du sol et emp\u00eacher le ruissellement d\u2019atteindre les ressources en eau vitales.<\/p>\n\n\n\n<p>L\u2019information fournie est r\u00e9elle; elle a \u00e9t\u00e9 examin\u00e9e et approuv\u00e9e par vos pairs.<\/p>\n\n\n\n<p>Elle vous aidera \u00e0 avoir une vue d\u2019ensemble, \u00e0 \u00e9laborer des plans \u00e0 long terme et \u00e0 am\u00e9liorer les d\u00e9cisions que vous prenez quotidiennement.<\/p>\n\n\n\n<p>La mise en pratique des PGO montre \u00e9galement \u00e0 vos voisins et au public qui ach\u00e8te de la nourriture que vous savez g\u00e9rer.<\/p>\n\n\n\n<p><strong>Pour les propri\u00e9taires ruraux<\/strong><\/p>\n\n\n\n<p>Si les arbres, les bois\u00e9s, les terres humides, les ruisseaux, l\u2019habitat des poissons et de la faune, l\u2019\u00e9nergie verte ou la mani\u00e8re dont votre puits fonctionne vous int\u00e9ressent, ce site est une excellente ressource.<\/p>\n\n\n\n<p>Apprenez \u00e0 mieux comprendre votre propri\u00e9t\u00e9 et d\u00e9couvrez les possibilit\u00e9s d\u2019am\u00e9lioration, selon vos objectifs et vos int\u00e9r\u00eats.<\/p>\n\n\n\n<p><strong>Pour les \u00e9tudiants, les \u00e9ducateurs, les conseillers de l\u2019industrie, le personnel d\u2019organismes et plus encore<\/strong><\/p>\n\n\n\n<p>Nous avons \u00e9galement beaucoup \u00e0 offrir aux \u00e9tudiants en agriculture, aux conseillers de l\u2019industrie, aux \u00e9ducateurs et au personnel municipal et des organismes locaux. Pour apprendre comment utiliser ce site,\u00a0<a href=\"https:\/\/bmpbooks.com\/fr\/aide\/\">cliquez ici<\/a>.<\/p>\n","protected":false},"excerpt":{"rendered":"<p>Vos guides pratiques pour une agriculture et une vie rurale durables Bienvenue \u00e0 la biblioth\u00e8que virtuelle des manuels, des fascicules et des fiches d\u2019information sur les pratiques de gestion optimales. Cette s\u00e9rie prim\u00e9e sur les PGO a \u00e9t\u00e9 con\u00e7ue pour aider les agriculteurs et les propri\u00e9taires ruraux de l\u2019Ontario \u00e0 trouver les meilleures options quant [&hellip;]<\/p>\n","protected":false},"author":4,"featured_media":0,"parent":0,"menu_order":48,"comment_status":"closed","ping_status":"closed","template":"","meta":{"_acf_changed":false,"_relevanssi_hide_post":"","_relevanssi_hide_content":"","_relevanssi_pin_for_all":"","_relevanssi_pin_keywords":"","_relevanssi_unpin_keywords":"","_relevanssi_related_keywords":"","_relevanssi_related_include_ids":"","_relevanssi_related_exclude_ids":"","_relevanssi_related_no_append":"","_relevanssi_related_not_related":"","_relevanssi_related_posts":"","_relevanssi_noindex_reason":"","footnotes":""},"class_list":["post-3252","page","type-page","status-publish","hentry"],"acf":[],"_links":{"self":[{"href":"https:\/\/bmpbooks.com\/fr\/wp-json\/wp\/v2\/pages\/3252","targetHints":{"allow":["GET"]}}],"collection":[{"href":"https:\/\/bmpbooks.com\/fr\/wp-json\/wp\/v2\/pages"}],"about":[{"href":"https:\/\/bmpbooks.com\/fr\/wp-json\/wp\/v2\/types\/page"}],"author":[{"embeddable":true,"href":"https:\/\/bmpbooks.com\/fr\/wp-json\/wp\/v2\/users\/4"}],"replies":[{"embeddable":true,"href":"https:\/\/bmpbooks.com\/fr\/wp-json\/wp\/v2\/comments?post=3252"}],"version-history":[{"count":5,"href":"https:\/\/bmpbooks.com\/fr\/wp-json\/wp\/v2\/pages\/3252\/revisions"}],"predecessor-version":[{"id":6341,"href":"https:\/\/bmpbooks.com\/fr\/wp-json\/wp\/v2\/pages\/3252\/revisions\/6341"}],"wp:attachment":[{"href":"https:\/\/bmpbooks.com\/fr\/wp-json\/wp\/v2\/media?parent=3252"}],"curies":[{"name":"wp","href":"https:\/\/api.w.org\/{rel}","templated":true}]}}