{"id":3254,"date":"2012-06-06T15:00:23","date_gmt":"2012-06-06T19:00:23","guid":{"rendered":"http:\/\/bmp.negliahosting.com\/?page_id=3254"},"modified":"2021-05-31T10:08:25","modified_gmt":"2021-05-31T14:08:25","slug":"partenaires","status":"publish","type":"page","link":"https:\/\/bmpbooks.com\/fr\/partenaires\/","title":{"rendered":"Partenaires"},"content":{"rendered":"\n<p>Le programme des pratiques de gestion optimales a commenc\u00e9 comme initiative d\u2019Agriculture et Agroalimentaire Canada dans le cadre du Plan vert de 1992.&nbsp;<\/p>\n\n\n\n<p>Le programme des PGO a \u00e9t\u00e9 commandit\u00e9 Agriculture et Agroalimentaire Canada et le minist\u00e8re de l&rsquo;Agriculture, de l&rsquo;Alimentation et des Affaires rurales de l&rsquo;Ontario. Le MAAARO a \u00e9galement fourni une expertise technique. La F\u00e9d\u00e9ration de l\u2019agriculture de l\u2019Ontario administre le programme.<\/p>\n\n\n\n<p><strong>Agriculture et Agroalimentaire Canada <\/strong><strong><br><\/strong><a href=\"https:\/\/www.agr.gc.ca\/fra\/agriculture-et-agroalimentaire-canada\">www.agr.gc.ca\/fra\/agriculture-et-agroalimentaire-canada<\/a><\/p>\n\n\n\n<p><strong>Minist\u00e8re de l&rsquo;Agriculture, de l&rsquo;Alimentation et des Affaires rurales de l&rsquo;Ontario<\/strong><strong><br><\/strong><a href=\"http:\/\/www.omafra.gov.on.ca\/french\/\">www.omafra.gov.on.ca\/french\/<\/a><\/p>\n\n\n\n<p><strong>F\u00e9d\u00e9ration de l\u2019agriculture de l\u2019Ontario<br><\/strong><a href=\"https:\/\/ofa.on.ca\/notreagriculture\/\">www.ofa.on.ca\/notreagriculture\/<\/a><\/p>\n\n\n\n<div style=\"height:50px\" aria-hidden=\"true\" class=\"wp-block-spacer\"><\/div>\n\n\n\n<h2 class=\"wp-block-heading\">TRAVAIL D\u2019\u00c9QUIPE<\/h2>\n\n\n\n<p>Le contenu de chaque publication sur les PGO est le fruit d\u2019un travail d\u2019\u00e9quipe, d\u2019une collaboration et d\u2019un examen approfondi auxquels participent un large \u00e9ventail d&rsquo;intervenants.&nbsp;<\/p>\n\n\n\n<p>Ces groupes comprennent des conseillers techniques de tous les paliers de gouvernements et d\u2019organismes, des repr\u00e9sentants d\u2019organismes agricoles, des agriculteurs ayant de l\u2019exp\u00e9rience sur un sujet donn\u00e9, des professionnels de l\u2019industrie et des sp\u00e9cialistes en la mati\u00e8re.&nbsp;<\/p>\n\n\n\n<p>Nous remercions tous les contributeurs pour leur travail acharn\u00e9 et leur engagement envers l\u2019\u00e9tablissement d\u2019un consensus fond\u00e9 sur des donn\u00e9es probantes, une page \u00e0 la fois.<\/p>\n","protected":false},"excerpt":{"rendered":"<p>Le programme des pratiques de gestion optimales a commenc\u00e9 comme initiative d\u2019Agriculture et Agroalimentaire Canada dans le cadre du Plan vert de 1992.&nbsp; Le programme des PGO a \u00e9t\u00e9 commandit\u00e9 Agriculture et Agroalimentaire Canada et le minist\u00e8re de l&rsquo;Agriculture, de l&rsquo;Alimentation et des Affaires rurales de l&rsquo;Ontario. Le MAAARO a \u00e9galement fourni une expertise technique. [&hellip;]<\/p>\n","protected":false},"author":4,"featured_media":0,"parent":0,"menu_order":48,"comment_status":"open","ping_status":"open","template":"","meta":{"_acf_changed":false,"_relevanssi_hide_post":"","_relevanssi_hide_content":"","_relevanssi_pin_for_all":"","_relevanssi_pin_keywords":"","_relevanssi_unpin_keywords":"","_relevanssi_related_keywords":"","_relevanssi_related_include_ids":"","_relevanssi_related_exclude_ids":"","_relevanssi_related_no_append":"","_relevanssi_related_not_related":"","_relevanssi_related_posts":"","_relevanssi_noindex_reason":"","footnotes":""},"class_list":["post-3254","page","type-page","status-publish","hentry"],"acf":[],"_links":{"self":[{"href":"https:\/\/bmpbooks.com\/fr\/wp-json\/wp\/v2\/pages\/3254","targetHints":{"allow":["GET"]}}],"collection":[{"href":"https:\/\/bmpbooks.com\/fr\/wp-json\/wp\/v2\/pages"}],"about":[{"href":"https:\/\/bmpbooks.com\/fr\/wp-json\/wp\/v2\/types\/page"}],"author":[{"embeddable":true,"href":"https:\/\/bmpbooks.com\/fr\/wp-json\/wp\/v2\/users\/4"}],"replies":[{"embeddable":true,"href":"https:\/\/bmpbooks.com\/fr\/wp-json\/wp\/v2\/comments?post=3254"}],"version-history":[{"count":5,"href":"https:\/\/bmpbooks.com\/fr\/wp-json\/wp\/v2\/pages\/3254\/revisions"}],"predecessor-version":[{"id":6302,"href":"https:\/\/bmpbooks.com\/fr\/wp-json\/wp\/v2\/pages\/3254\/revisions\/6302"}],"wp:attachment":[{"href":"https:\/\/bmpbooks.com\/fr\/wp-json\/wp\/v2\/media?parent=3254"}],"curies":[{"name":"wp","href":"https:\/\/api.w.org\/{rel}","templated":true}]}}