{"id":6159,"date":"2012-06-06T15:00:09","date_gmt":"2012-06-06T19:00:09","guid":{"rendered":"https:\/\/bmpbooks.com\/?page_id=6159"},"modified":"2021-06-17T10:36:29","modified_gmt":"2021-06-17T14:36:29","slug":"pour-commander","status":"publish","type":"page","link":"https:\/\/bmpbooks.com\/fr\/pour-commander\/","title":{"rendered":"Pour commander"},"content":{"rendered":"\n<p>Vous pouvez commander des copies imprim\u00e9es des publications aupr\u00e8s de ServiceOntario.<\/p>\n\n\n\n<p>En ligne \u00e0 <a href=\"https:\/\/www.publications.gov.on.ca\/fr\/\/\"><strong>Publications Ontario<\/strong><\/a><\/p>\n\n\n\n<p>Par t\u00e9l\u00e9phone au centre d&rsquo;appels de ServiceOntario<br>Du lundi au vendredi de 8&nbsp;h&nbsp;30 \u00e0 17&nbsp;h<\/p>\n\n\n\n<p>416&nbsp;326-5300<br>TTY&nbsp;: 416&nbsp;325-3408<br>Sans frais au Canada&nbsp;: 1&nbsp;800&nbsp;668-9938<br>TTY sans frais en Ontario&nbsp;: 1&nbsp;800&nbsp;268-7095<\/p>\n\n\n\n<p>Vous pouvez commander en personne \u00e0 un terminal d\u2019acc\u00e8s public dans les <a href=\"https:\/\/www.ontario.ca\/fr\/locations\/serviceontario\"><strong>points de service de ServiceOntario<\/strong><\/a> situ\u00e9s dans toute la province.<\/p>\n","protected":false},"excerpt":{"rendered":"<p>Vous pouvez commander des copies imprim\u00e9es des publications aupr\u00e8s de ServiceOntario. En ligne \u00e0 Publications Ontario Par t\u00e9l\u00e9phone au centre d&rsquo;appels de ServiceOntarioDu lundi au vendredi de 8&nbsp;h&nbsp;30 \u00e0 17&nbsp;h 416&nbsp;326-5300TTY&nbsp;: 416&nbsp;325-3408Sans frais au Canada&nbsp;: 1&nbsp;800&nbsp;668-9938TTY sans frais en Ontario&nbsp;: 1&nbsp;800&nbsp;268-7095 Vous pouvez commander en personne \u00e0 un terminal d\u2019acc\u00e8s public dans les points de [&hellip;]<\/p>\n","protected":false},"author":4,"featured_media":0,"parent":0,"menu_order":48,"comment_status":"open","ping_status":"open","template":"","meta":{"_acf_changed":false,"_relevanssi_hide_post":"","_relevanssi_hide_content":"","_relevanssi_pin_for_all":"","_relevanssi_pin_keywords":"","_relevanssi_unpin_keywords":"","_relevanssi_related_keywords":"","_relevanssi_related_include_ids":"","_relevanssi_related_exclude_ids":"","_relevanssi_related_no_append":"","_relevanssi_related_not_related":"","_relevanssi_related_posts":"","_relevanssi_noindex_reason":"","footnotes":""},"class_list":["post-6159","page","type-page","status-publish","hentry"],"acf":[],"_links":{"self":[{"href":"https:\/\/bmpbooks.com\/fr\/wp-json\/wp\/v2\/pages\/6159","targetHints":{"allow":["GET"]}}],"collection":[{"href":"https:\/\/bmpbooks.com\/fr\/wp-json\/wp\/v2\/pages"}],"about":[{"href":"https:\/\/bmpbooks.com\/fr\/wp-json\/wp\/v2\/types\/page"}],"author":[{"embeddable":true,"href":"https:\/\/bmpbooks.com\/fr\/wp-json\/wp\/v2\/users\/4"}],"replies":[{"embeddable":true,"href":"https:\/\/bmpbooks.com\/fr\/wp-json\/wp\/v2\/comments?post=6159"}],"version-history":[{"count":5,"href":"https:\/\/bmpbooks.com\/fr\/wp-json\/wp\/v2\/pages\/6159\/revisions"}],"predecessor-version":[{"id":6342,"href":"https:\/\/bmpbooks.com\/fr\/wp-json\/wp\/v2\/pages\/6159\/revisions\/6342"}],"wp:attachment":[{"href":"https:\/\/bmpbooks.com\/fr\/wp-json\/wp\/v2\/media?parent=6159"}],"curies":[{"name":"wp","href":"https:\/\/api.w.org\/{rel}","templated":true}]}}