{"id":6303,"date":"2021-01-26T12:46:29","date_gmt":"2021-01-26T17:46:29","guid":{"rendered":"https:\/\/bmpbooks.com\/?page_id=6303"},"modified":"2021-05-31T10:09:53","modified_gmt":"2021-05-31T14:09:53","slug":"avis-de-non-responsabilite","status":"publish","type":"page","link":"https:\/\/bmpbooks.com\/fr\/avis-de-non-responsabilite\/","title":{"rendered":"AVIS DE NON-RESPONSABILIT\u00c9"},"content":{"rendered":"\n<p>Le contenu des publications sur les PGO \u00e9tait v\u00e9ridique et exact \u00e0 la date de publication. Le contenu n\u2019a pas \u00e9t\u00e9 mis \u00e0 jour par la suite pour tenir compte de modifications aux r\u00e8glements ou d\u2019autres changements. Les lecteurs doivent donc consulter des conseillers professionnels au besoin sur certains sujets pr\u00e9cis avant de prendre des d\u00e9cisions.&nbsp;<\/p>\n\n\n\n<p>L\u2019information de ces publications est fournie \u00e0 titre de renseignement seulement et n\u2019est pas cens\u00e9e donner des conseils techniques, juridiques ou autres. Bien que les publications aient \u00e9t\u00e9 soigneusement r\u00e9dig\u00e9es, les auteurs et les partenaires n\u2019assument aucune responsabilit\u00e9 juridique quant au contenu ni aucune cons\u00e9quence, notamment la responsabilit\u00e9 directe ou indirecte d\u00e9coulant de son utilisation. Pour voir quelles sont vos obligations juridiques, consultez les lois pertinentes sur <a href=\"https:\/\/www.ontario.ca\/fr\/lois\">www.ontario.ca\/fr\/lois<\/a>. Si vous avez besoin de conseils juridiques, consultez un avocat. S\u2019il y a un conflit entre l\u2019information fournie dans ces publications et toute loi applicable, la loi pr\u00e9vaut.<\/p>\n","protected":false},"excerpt":{"rendered":"<p>Le contenu des publications sur les PGO \u00e9tait v\u00e9ridique et exact \u00e0 la date de publication. Le contenu n\u2019a pas \u00e9t\u00e9 mis \u00e0 jour par la suite pour tenir compte de modifications aux r\u00e8glements ou d\u2019autres changements. Les lecteurs doivent donc consulter des conseillers professionnels au besoin sur certains sujets pr\u00e9cis avant de prendre des [&hellip;]<\/p>\n","protected":false},"author":4,"featured_media":0,"parent":0,"menu_order":0,"comment_status":"closed","ping_status":"closed","template":"","meta":{"_acf_changed":false,"_relevanssi_hide_post":"","_relevanssi_hide_content":"","_relevanssi_pin_for_all":"","_relevanssi_pin_keywords":"","_relevanssi_unpin_keywords":"","_relevanssi_related_keywords":"","_relevanssi_related_include_ids":"","_relevanssi_related_exclude_ids":"","_relevanssi_related_no_append":"","_relevanssi_related_not_related":"","_relevanssi_related_posts":"","_relevanssi_noindex_reason":"","footnotes":""},"class_list":["post-6303","page","type-page","status-publish","hentry"],"acf":[],"_links":{"self":[{"href":"https:\/\/bmpbooks.com\/fr\/wp-json\/wp\/v2\/pages\/6303","targetHints":{"allow":["GET"]}}],"collection":[{"href":"https:\/\/bmpbooks.com\/fr\/wp-json\/wp\/v2\/pages"}],"about":[{"href":"https:\/\/bmpbooks.com\/fr\/wp-json\/wp\/v2\/types\/page"}],"author":[{"embeddable":true,"href":"https:\/\/bmpbooks.com\/fr\/wp-json\/wp\/v2\/users\/4"}],"replies":[{"embeddable":true,"href":"https:\/\/bmpbooks.com\/fr\/wp-json\/wp\/v2\/comments?post=6303"}],"version-history":[{"count":1,"href":"https:\/\/bmpbooks.com\/fr\/wp-json\/wp\/v2\/pages\/6303\/revisions"}],"predecessor-version":[{"id":6304,"href":"https:\/\/bmpbooks.com\/fr\/wp-json\/wp\/v2\/pages\/6303\/revisions\/6304"}],"wp:attachment":[{"href":"https:\/\/bmpbooks.com\/fr\/wp-json\/wp\/v2\/media?parent=6303"}],"curies":[{"name":"wp","href":"https:\/\/api.w.org\/{rel}","templated":true}]}}